{"id":8980,"date":"2023-07-18T12:55:04","date_gmt":"2023-07-18T15:55:04","guid":{"rendered":"https:\/\/mje-global.com\/?page_id=8980"},"modified":"2025-07-15T15:01:20","modified_gmt":"2025-07-15T18:01:20","slug":"institucional","status":"publish","type":"page","link":"https:\/\/mje-global.com\/en\/institucional\/","title":{"rendered":"About us"},"content":{"rendered":"<p>[et_pb_section fb_built=\u00bb1&#8243; admin_label=\u00bbHero Section\u00bb _builder_version=\u00bb4.21.0&#8243; background_color=\u00bbrgba(51,51,51,0.5)\u00bb background_image=\u00bbhttps:\/\/mje-global.com\/wp-content\/uploads\/2023\/07\/slide0.jpg\u00bb background_blend=\u00bbmultiply\u00bb custom_margin=\u00bb|||\u00bb custom_padding=\u00bb8%||8%|\u00bb locked=\u00bboff\u00bb global_colors_info=\u00bb{}\u00bb][et_pb_row _builder_version=\u00bb4.16&#8243; background_size=\u00bbinitial\u00bb background_position=\u00bbtop_left\u00bb background_repeat=\u00bbrepeat\u00bb global_colors_info=\u00bb{}\u00bb][et_pb_column type=\u00bb4_4&#8243; _builder_version=\u00bb4.16&#8243; custom_padding=\u00bb|||\u00bb global_colors_info=\u00bb{}\u00bb custom_padding__hover=\u00bb|||\u00bb][et_pb_text admin_label=\u00bbTitle\u00bb _builder_version=\u00bb4.27.4&#8243; text_font=\u00bbRaleway||||||||\u00bb text_font_size=\u00bb17px\u00bb text_line_height=\u00bb1.4em\u00bb header_font=\u00bbRaleway|500||on|||||\u00bb header_text_align=\u00bbcenter\u00bb header_font_size=\u00bb38px\u00bb header_line_height=\u00bb1.4em\u00bb text_orientation=\u00bbcenter\u00bb background_layout=\u00bbdark\u00bb max_width=\u00bb800px\u00bb module_alignment=\u00bbcenter\u00bb animation_style=\u00bbslide\u00bb animation_direction=\u00bbtop\u00bb animation_intensity_slide=\u00bb3%\u00bb animation_starting_opacity=\u00bb100%\u00bb header_font_size_tablet=\u00bb40px\u00bb header_font_size_phone=\u00bb\u00bb header_font_size_last_edited=\u00bbon|tablet\u00bb global_colors_info=\u00bb{}\u00bb]<\/p>\n<h1>institucional<\/h1>\n<p><strong>MJE<\/strong> Global es una consultora especializada en comercio internacional que asesora a empresas que operan con Argentina en la toma de decisiones estrat\u00e9gicas y el cumplimiento normativo.<\/p>\n<p>[\/et_pb_text][\/et_pb_column][\/et_pb_row][\/et_pb_section][et_pb_section fb_built=\u00bb1&#8243; _builder_version=\u00bb4.27.4&#8243; _module_preset=\u00bbdefault\u00bb global_colors_info=\u00bb{}\u00bb][et_pb_row column_structure=\u00bb1_2,1_2&#8243; _builder_version=\u00bb4.27.4&#8243; _module_preset=\u00bbdefault\u00bb global_colors_info=\u00bb{}\u00bb][et_pb_column type=\u00bb1_2&#8243; disabled_on=\u00bbon|off|off\u00bb _builder_version=\u00bb4.21.0&#8243; _module_preset=\u00bbdefault\u00bb global_colors_info=\u00bb{}\u00bb][et_pb_image src=\u00bbhttps:\/\/mje-global.com\/wp-content\/uploads\/2023\/07\/Institucional-e1689701238124.jpg\u00bb title_text=\u00bbInstitucional\u00bb _builder_version=\u00bb4.27.4&#8243; _module_preset=\u00bbdefault\u00bb custom_padding=\u00bb||89px|||\u00bb global_colors_info=\u00bb{}\u00bb][\/et_pb_image][\/et_pb_column][et_pb_column type=\u00bb1_2&#8243; _builder_version=\u00bb4.21.0&#8243; _module_preset=\u00bbdefault\u00bb global_colors_info=\u00bb{}\u00bb][et_pb_text admin_label=\u00bbTitle\u00bb _builder_version=\u00bb4.21.0&#8243; text_font=\u00bb||||||||\u00bb header_font=\u00bb||||||||\u00bb header_line_height=\u00bb1.2em\u00bb header_2_font=\u00bbRaleway|300|||||||\u00bb header_2_text_align=\u00bbleft\u00bb header_2_text_color=\u00bb#333333&#8243; header_2_font_size=\u00bb40px\u00bb header_2_letter_spacing=\u00bb-0.05em\u00bb header_2_line_height=\u00bb1.3em\u00bb text_orientation=\u00bbcenter\u00bb custom_margin=\u00bb||-10px||false|false\u00bb custom_padding=\u00bb||||false|false\u00bb animation_style=\u00bbfade\u00bb animation_direction=\u00bbleft\u00bb animation_starting_opacity=\u00bb100%\u00bb header_2_font_size_tablet=\u00bb40px\u00bb header_2_font_size_phone=\u00bb30px\u00bb header_2_font_size_last_edited=\u00bbon|desktop\u00bb global_colors_info=\u00bb{}\u00bb]<\/p>\n<h2><strong>MJE<\/strong> <span style=\"color: #ce1816;\">Global<\/span><\/h2>\n<p>[\/et_pb_text][et_pb_text _builder_version=\u00bb4.27.4&#8243; text_font=\u00bb||||||||\u00bb text_text_color=\u00bb#4D4D4D\u00bb text_font_size=\u00bb14px\u00bb text_line_height=\u00bb2.2em\u00bb header_font=\u00bb||||||||\u00bb header_2_font=\u00bb||||||||\u00bb custom_margin=\u00bb10px||10px||false|false\u00bb animation_style=\u00bbslide\u00bb animation_direction=\u00bbleft\u00bb animation_duration=\u00bb1400ms\u00bb animation_delay=\u00bb100ms\u00bb animation_intensity_slide=\u00bb6%\u00bb global_colors_info=\u00bb{}\u00bb]<\/p>\n<p><strong>\ud83c\udfdb\ufe0fMJE <span style=\"color: #ce1816;\">Global<\/span>\u00a0<\/strong><strong>\u00a0| Consultor\u00eda estrat\u00e9gica en comercio internacional<\/strong><\/p>\n<p>En el comercio internacional convergen actores diversos: operadores, estrategas, asesores, autoridades. Cada uno cumple un rol esencial en la circulaci\u00f3n de bienes entre pa\u00edses, con impactos que pueden ser <strong>operativos, estrat\u00e9gicos o pol\u00edticos<\/strong>.<\/p>\n<p><strong>MJE <span style=\"color: #ce1816;\">Global<\/span>\u00a0<\/strong>\u00a0asesora a empresas, estudios jur\u00eddicos y consultoras que operan o se vinculan con el comercio exterior argentino, ayud\u00e1ndolos a tomar decisiones fundadas sobre sus operaciones, riesgos y oportunidades en mercados complejos y regulados.<\/p>\n<p>Aportamos una mirada integral que combina:<\/p>\n<ul>\n<li>Diagn\u00f3stico normativo y operativo.<\/li>\n<li>Evaluaci\u00f3n de riesgos regulatorios.<\/li>\n<li>Soporte en destino para exportadores y sus clientes.<\/li>\n<li>Capacitaci\u00f3n especializada en defensa comercial bajo normas OMC.<\/li>\n<\/ul>\n<p>[\/et_pb_text][et_pb_text _builder_version=\u00bb4.27.4&#8243; text_font=\u00bb||||||||\u00bb text_text_color=\u00bb#4D4D4D\u00bb text_font_size=\u00bb14px\u00bb text_line_height=\u00bb2.2em\u00bb header_font=\u00bb||||||||\u00bb header_2_font=\u00bb||||||||\u00bb custom_margin=\u00bb||10px||false|false\u00bb animation_style=\u00bbslide\u00bb animation_direction=\u00bbleft\u00bb animation_duration=\u00bb1400ms\u00bb animation_delay=\u00bb100ms\u00bb animation_intensity_slide=\u00bb6%\u00bb global_colors_info=\u00bb{}\u00bb]<\/p>\n<p>Nuestros profesionales han asistido a empresas y firmas de distintos pa\u00edses y sectores \u2014<strong>LATAM, Estados Unidos, Uni\u00f3n Europea, India y China<\/strong>\u2014 incluyendo:<\/p>\n<ul>\n<li>Industrias alimenticias, qu\u00edmicas y farmac\u00e9uticas.<\/li>\n<li>Fabricantes de maquinaria y bienes de capital.<\/li>\n<li>Estudios jur\u00eddicos, consultoras, importadoras y distribuidoras.<\/li>\n<\/ul>\n<p>[\/et_pb_text][\/et_pb_column][\/et_pb_row][\/et_pb_section]<\/p>\n","protected":false},"excerpt":{"rendered":"<p>institucional MJE Global es una consultora especializada en comercio internacional que asesora a empresas que operan con Argentina en la toma de decisiones estrat\u00e9gicas y el cumplimiento normativo.MJE Global\ud83c\udfdb\ufe0fMJE Global\u00a0\u00a0| Consultor\u00eda estrat\u00e9gica en comercio internacional En el comercio internacional convergen actores diversos: operadores, estrategas, asesores, autoridades. Cada uno cumple un rol esencial en la circulaci\u00f3n [&hellip;]<\/p>\n","protected":false},"author":1,"featured_media":0,"parent":0,"menu_order":0,"comment_status":"closed","ping_status":"closed","template":"","meta":{"_et_pb_use_builder":"on","_et_pb_old_content":"","_et_gb_content_width":"","footnotes":""},"class_list":["post-8980","page","type-page","status-publish","hentry"],"yoast_head":"<!-- This site is optimized with the Yoast SEO plugin v27.3 - https:\/\/yoast.com\/product\/yoast-seo-wordpress\/ -->\n<title>Institucional - MJE Global<\/title>\n<meta name=\"robots\" content=\"index, follow, max-snippet:-1, max-image-preview:large, max-video-preview:-1\" \/>\n<link rel=\"canonical\" href=\"https:\/\/mje-global.com\/en\/institucional\/\" \/>\n<meta property=\"og:locale\" content=\"en_US\" \/>\n<meta property=\"og:type\" content=\"article\" \/>\n<meta property=\"og:title\" content=\"Institucional - MJE Global\" \/>\n<meta property=\"og:description\" content=\"institucional MJE Global es una consultora especializada en comercio internacional que asesora a empresas que operan con Argentina en la toma de decisiones estrat\u00e9gicas y el cumplimiento normativo.MJE Global\ud83c\udfdb\ufe0fMJE Global\u00a0\u00a0| Consultor\u00eda estrat\u00e9gica en comercio internacional En el comercio internacional convergen actores diversos: operadores, estrategas, asesores, autoridades. Cada uno cumple un rol esencial en la circulaci\u00f3n [&hellip;]\" \/>\n<meta property=\"og:url\" content=\"https:\/\/mje-global.com\/en\/institucional\/\" \/>\n<meta property=\"og:site_name\" content=\"MJE Global\" \/>\n<meta property=\"article:modified_time\" content=\"2025-07-15T18:01:20+00:00\" \/>\n<meta name=\"twitter:card\" content=\"summary_large_image\" \/>\n<meta name=\"twitter:label1\" content=\"Est. reading time\" \/>\n\t<meta name=\"twitter:data1\" content=\"3 minutes\" \/>\n<script type=\"application\/ld+json\" class=\"yoast-schema-graph\">{\"@context\":\"https:\\\/\\\/schema.org\",\"@graph\":[{\"@type\":\"WebPage\",\"@id\":\"https:\\\/\\\/mje-global.com\\\/institucional\\\/\",\"url\":\"https:\\\/\\\/mje-global.com\\\/institucional\\\/\",\"name\":\"Institucional - MJE Global\",\"isPartOf\":{\"@id\":\"https:\\\/\\\/mje-global.com\\\/#website\"},\"datePublished\":\"2023-07-18T15:55:04+00:00\",\"dateModified\":\"2025-07-15T18:01:20+00:00\",\"breadcrumb\":{\"@id\":\"https:\\\/\\\/mje-global.com\\\/institucional\\\/#breadcrumb\"},\"inLanguage\":\"en-US\",\"potentialAction\":[{\"@type\":\"ReadAction\",\"target\":[\"https:\\\/\\\/mje-global.com\\\/institucional\\\/\"]}]},{\"@type\":\"BreadcrumbList\",\"@id\":\"https:\\\/\\\/mje-global.com\\\/institucional\\\/#breadcrumb\",\"itemListElement\":[{\"@type\":\"ListItem\",\"position\":1,\"name\":\"Inicio\",\"item\":\"https:\\\/\\\/mje-global.com\\\/\"},{\"@type\":\"ListItem\",\"position\":2,\"name\":\"Institucional\"}]},{\"@type\":\"WebSite\",\"@id\":\"https:\\\/\\\/mje-global.com\\\/#website\",\"url\":\"https:\\\/\\\/mje-global.com\\\/\",\"name\":\"Insurex International\",\"description\":\"International Trade  Consulting\",\"publisher\":{\"@id\":\"https:\\\/\\\/mje-global.com\\\/#organization\"},\"potentialAction\":[{\"@type\":\"SearchAction\",\"target\":{\"@type\":\"EntryPoint\",\"urlTemplate\":\"https:\\\/\\\/mje-global.com\\\/?s={search_term_string}\"},\"query-input\":{\"@type\":\"PropertyValueSpecification\",\"valueRequired\":true,\"valueName\":\"search_term_string\"}}],\"inLanguage\":\"en-US\"},{\"@type\":\"Organization\",\"@id\":\"https:\\\/\\\/mje-global.com\\\/#organization\",\"name\":\"Insurex International\",\"url\":\"https:\\\/\\\/mje-global.com\\\/\",\"logo\":{\"@type\":\"ImageObject\",\"inLanguage\":\"en-US\",\"@id\":\"https:\\\/\\\/mje-global.com\\\/#\\\/schema\\\/logo\\\/image\\\/\",\"url\":\"https:\\\/\\\/mje-global.com\\\/wp-content\\\/uploads\\\/2023\\\/02\\\/favicon.png\",\"contentUrl\":\"https:\\\/\\\/mje-global.com\\\/wp-content\\\/uploads\\\/2023\\\/02\\\/favicon.png\",\"width\":72,\"height\":72,\"caption\":\"Insurex International\"},\"image\":{\"@id\":\"https:\\\/\\\/mje-global.com\\\/#\\\/schema\\\/logo\\\/image\\\/\"}}]}<\/script>\n<!-- \/ Yoast SEO plugin. -->","yoast_head_json":{"title":"Institucional - MJE Global","robots":{"index":"index","follow":"follow","max-snippet":"max-snippet:-1","max-image-preview":"max-image-preview:large","max-video-preview":"max-video-preview:-1"},"canonical":"https:\/\/mje-global.com\/en\/institucional\/","og_locale":"en_US","og_type":"article","og_title":"Institucional - MJE Global","og_description":"institucional MJE Global es una consultora especializada en comercio internacional que asesora a empresas que operan con Argentina en la toma de decisiones estrat\u00e9gicas y el cumplimiento normativo.MJE Global\ud83c\udfdb\ufe0fMJE Global\u00a0\u00a0| Consultor\u00eda estrat\u00e9gica en comercio internacional En el comercio internacional convergen actores diversos: operadores, estrategas, asesores, autoridades. Cada uno cumple un rol esencial en la circulaci\u00f3n [&hellip;]","og_url":"https:\/\/mje-global.com\/en\/institucional\/","og_site_name":"MJE Global","article_modified_time":"2025-07-15T18:01:20+00:00","twitter_card":"summary_large_image","twitter_misc":{"Est. reading time":"3 minutes"},"schema":{"@context":"https:\/\/schema.org","@graph":[{"@type":"WebPage","@id":"https:\/\/mje-global.com\/institucional\/","url":"https:\/\/mje-global.com\/institucional\/","name":"Institucional - MJE Global","isPartOf":{"@id":"https:\/\/mje-global.com\/#website"},"datePublished":"2023-07-18T15:55:04+00:00","dateModified":"2025-07-15T18:01:20+00:00","breadcrumb":{"@id":"https:\/\/mje-global.com\/institucional\/#breadcrumb"},"inLanguage":"en-US","potentialAction":[{"@type":"ReadAction","target":["https:\/\/mje-global.com\/institucional\/"]}]},{"@type":"BreadcrumbList","@id":"https:\/\/mje-global.com\/institucional\/#breadcrumb","itemListElement":[{"@type":"ListItem","position":1,"name":"Inicio","item":"https:\/\/mje-global.com\/"},{"@type":"ListItem","position":2,"name":"Institucional"}]},{"@type":"WebSite","@id":"https:\/\/mje-global.com\/#website","url":"https:\/\/mje-global.com\/","name":"Insurex International","description":"International Trade  Consulting","publisher":{"@id":"https:\/\/mje-global.com\/#organization"},"potentialAction":[{"@type":"SearchAction","target":{"@type":"EntryPoint","urlTemplate":"https:\/\/mje-global.com\/?s={search_term_string}"},"query-input":{"@type":"PropertyValueSpecification","valueRequired":true,"valueName":"search_term_string"}}],"inLanguage":"en-US"},{"@type":"Organization","@id":"https:\/\/mje-global.com\/#organization","name":"Insurex International","url":"https:\/\/mje-global.com\/","logo":{"@type":"ImageObject","inLanguage":"en-US","@id":"https:\/\/mje-global.com\/#\/schema\/logo\/image\/","url":"https:\/\/mje-global.com\/wp-content\/uploads\/2023\/02\/favicon.png","contentUrl":"https:\/\/mje-global.com\/wp-content\/uploads\/2023\/02\/favicon.png","width":72,"height":72,"caption":"Insurex International"},"image":{"@id":"https:\/\/mje-global.com\/#\/schema\/logo\/image\/"}}]}},"_links":{"self":[{"href":"https:\/\/mje-global.com\/en\/wp-json\/wp\/v2\/pages\/8980","targetHints":{"allow":["GET"]}}],"collection":[{"href":"https:\/\/mje-global.com\/en\/wp-json\/wp\/v2\/pages"}],"about":[{"href":"https:\/\/mje-global.com\/en\/wp-json\/wp\/v2\/types\/page"}],"author":[{"embeddable":true,"href":"https:\/\/mje-global.com\/en\/wp-json\/wp\/v2\/users\/1"}],"replies":[{"embeddable":true,"href":"https:\/\/mje-global.com\/en\/wp-json\/wp\/v2\/comments?post=8980"}],"version-history":[{"count":25,"href":"https:\/\/mje-global.com\/en\/wp-json\/wp\/v2\/pages\/8980\/revisions"}],"predecessor-version":[{"id":9175,"href":"https:\/\/mje-global.com\/en\/wp-json\/wp\/v2\/pages\/8980\/revisions\/9175"}],"wp:attachment":[{"href":"https:\/\/mje-global.com\/en\/wp-json\/wp\/v2\/media?parent=8980"}],"curies":[{"name":"wp","href":"https:\/\/api.w.org\/{rel}","templated":true}]}}